{"id":106,"date":"2015-06-15T16:12:53","date_gmt":"2015-06-15T14:12:53","guid":{"rendered":"http:\/\/www.sv-raddatz.de\/?page_id=106"},"modified":"2024-04-18T15:19:34","modified_gmt":"2024-04-18T13:19:34","slug":"kontakt","status":"publish","type":"page","link":"https:\/\/www.sv-raddatz.de\/index.php\/kontakt\/","title":{"rendered":"Kontakt"},"content":{"rendered":"<p>Dr. J. Raddatz<br \/>\nSachverst\u00e4ndigenb\u00fcro Dr. rer.nat. J. Raddatz<br \/>\nAm M\u00fchlenweg 1a<\/p>\n<p>65428 R\u00fcsselsheim<\/p>\n<p>Tel.:\u00a0\u00a0\u00a0\u00a0 0 61 42 \/ 8 33 39 09<br \/>\nMobil:\u00a0 0173 \/ 911 86 88<br \/>\nFax :\u00a0\u00a0\u00a0 0 61 42 \/\u00a0 8 33 39 19<br \/>\nE-Mail: <a href=\"mailto:info@sv-raddatz.de\">info(at)sv-raddatz.de<\/a><br \/>\nInternet: www.sv-raddatz.de<\/p>\n","protected":false},"excerpt":{"rendered":"<p>Dr. J. Raddatz Sachverst\u00e4ndigenb\u00fcro Dr. rer.nat. J. Raddatz Am M\u00fchlenweg 1a 65428 R\u00fcsselsheim Tel.:\u00a0\u00a0\u00a0\u00a0 0 61 42 \/ 8 33 39 09 Mobil:\u00a0 0173 \/ 911 86 88 Fax :\u00a0\u00a0\u00a0 0 61 42 \/\u00a0 8 33 39 19 E-Mail: info(at)sv-raddatz.de<\/p>\n","protected":false},"author":1,"featured_media":0,"parent":0,"menu_order":4,"comment_status":"closed","ping_status":"closed","template":"","meta":{"footnotes":""},"class_list":["post-106","page","type-page","status-publish","hentry"],"_links":{"self":[{"href":"https:\/\/www.sv-raddatz.de\/index.php\/wp-json\/wp\/v2\/pages\/106","targetHints":{"allow":["GET"]}}],"collection":[{"href":"https:\/\/www.sv-raddatz.de\/index.php\/wp-json\/wp\/v2\/pages"}],"about":[{"href":"https:\/\/www.sv-raddatz.de\/index.php\/wp-json\/wp\/v2\/types\/page"}],"author":[{"embeddable":true,"href":"https:\/\/www.sv-raddatz.de\/index.php\/wp-json\/wp\/v2\/users\/1"}],"replies":[{"embeddable":true,"href":"https:\/\/www.sv-raddatz.de\/index.php\/wp-json\/wp\/v2\/comments?post=106"}],"version-history":[{"count":7,"href":"https:\/\/www.sv-raddatz.de\/index.php\/wp-json\/wp\/v2\/pages\/106\/revisions"}],"predecessor-version":[{"id":252,"href":"https:\/\/www.sv-raddatz.de\/index.php\/wp-json\/wp\/v2\/pages\/106\/revisions\/252"}],"wp:attachment":[{"href":"https:\/\/www.sv-raddatz.de\/index.php\/wp-json\/wp\/v2\/media?parent=106"}],"curies":[{"name":"wp","href":"https:\/\/api.w.org\/{rel}","templated":true}]}}