{"id":53,"date":"2015-06-12T17:38:08","date_gmt":"2015-06-12T15:38:08","guid":{"rendered":"http:\/\/www.sv-raddatz.de\/?page_id=53"},"modified":"2016-05-15T18:51:41","modified_gmt":"2016-05-15T16:51:41","slug":"kunden","status":"publish","type":"page","link":"https:\/\/www.sv-raddatz.de\/index.php\/kunden\/","title":{"rendered":"Kunden"},"content":{"rendered":"<p>&#8211; Amts-, Land-,Oberlandesgerichte , Rechtsanw\u00e4lte\/Notare,<\/p>\n<p>&#8211; Versicherungen<\/p>\n<p>&#8211; \u00f6ffentliche Verwaltungen, Hausverwaltungen<\/p>\n<p>&#8211; Beschichtungsfirmen (Verarbeiter)<\/p>\n<p>&#8211; Materialhersteller<\/p>\n<p>&#8211; Baukonzerne, mittelst\u00e4ndige und kleine Bauunternehmungen<\/p>\n<p>&#8211; Bauherren, Architekturb\u00fcros, Planungsb\u00fcros<\/p>\n<p>&#8211; Privatpersonen (insbesondere im Bereich Schwimmbad und Balkone)<\/p>\n<p>&#8211; Sachverst\u00e4ndige \u2013 aus dem Bauschadensbereich<\/p>\n","protected":false},"excerpt":{"rendered":"<p>&#8211; Amts-, Land-,Oberlandesgerichte , Rechtsanw\u00e4lte\/Notare, &#8211; Versicherungen &#8211; \u00f6ffentliche Verwaltungen, Hausverwaltungen &#8211; Beschichtungsfirmen (Verarbeiter) &#8211; Materialhersteller &#8211; Baukonzerne, mittelst\u00e4ndige und kleine Bauunternehmungen &#8211; Bauherren, Architekturb\u00fcros, Planungsb\u00fcros &#8211; Privatpersonen (insbesondere im Bereich Schwimmbad und Balkone) &#8211; Sachverst\u00e4ndige \u2013 aus dem Bauschadensbereich<\/p>\n","protected":false},"author":1,"featured_media":0,"parent":0,"menu_order":1,"comment_status":"closed","ping_status":"closed","template":"","meta":{"footnotes":""},"class_list":["post-53","page","type-page","status-publish","hentry"],"_links":{"self":[{"href":"https:\/\/www.sv-raddatz.de\/index.php\/wp-json\/wp\/v2\/pages\/53","targetHints":{"allow":["GET"]}}],"collection":[{"href":"https:\/\/www.sv-raddatz.de\/index.php\/wp-json\/wp\/v2\/pages"}],"about":[{"href":"https:\/\/www.sv-raddatz.de\/index.php\/wp-json\/wp\/v2\/types\/page"}],"author":[{"embeddable":true,"href":"https:\/\/www.sv-raddatz.de\/index.php\/wp-json\/wp\/v2\/users\/1"}],"replies":[{"embeddable":true,"href":"https:\/\/www.sv-raddatz.de\/index.php\/wp-json\/wp\/v2\/comments?post=53"}],"version-history":[{"count":6,"href":"https:\/\/www.sv-raddatz.de\/index.php\/wp-json\/wp\/v2\/pages\/53\/revisions"}],"predecessor-version":[{"id":224,"href":"https:\/\/www.sv-raddatz.de\/index.php\/wp-json\/wp\/v2\/pages\/53\/revisions\/224"}],"wp:attachment":[{"href":"https:\/\/www.sv-raddatz.de\/index.php\/wp-json\/wp\/v2\/media?parent=53"}],"curies":[{"name":"wp","href":"https:\/\/api.w.org\/{rel}","templated":true}]}}